{"id":38,"date":"2018-05-09T13:11:00","date_gmt":"2018-05-09T11:11:00","guid":{"rendered":"http:\/\/www.wifi-plus.es\/?page_id=38"},"modified":"2018-05-18T10:41:52","modified_gmt":"2018-05-18T08:41:52","slug":"home","status":"publish","type":"page","link":"https:\/\/wifi-plus.cietecnologias.es\/","title":{"rendered":"Home"},"content":{"rendered":"<p>[et_pb_section bb_built=\u00bb1&#8243; fullwidth=\u00bbon\u00bb specialty=\u00bboff\u00bb][et_pb_fullwidth_image _builder_version=\u00bb3.0.65&#8243; src=\u00bbhttps:\/\/wifi-plus.cietecnologias.es\/wp-content\/uploads\/2018\/05\/ban-servicio_perfecto.jpg\u00bb show_in_lightbox=\u00bboff\u00bb url_new_window=\u00bboff\u00bb use_overlay=\u00bboff\u00bb border_style=\u00bbsolid\u00bb animation=\u00bbleft\u00bb animation_direction=\u00bbleft\u00bb animation_style=\u00bbslide\u00bb animation_duration=\u00bb500ms\u00bb animation_intensity_slide=\u00bb10%\u00bb \/][\/et_pb_section][et_pb_section bb_built=\u00bb1&#8243;][et_pb_row][et_pb_column type=\u00bb1_4&#8243;][et_pb_image _builder_version=\u00bb3.0.65&#8243; src=\u00bbhttps:\/\/wifi-plus.cietecnologias.es\/wp-content\/uploads\/2018\/05\/flecha-play.png\u00bb show_in_lightbox=\u00bboff\u00bb url_new_window=\u00bboff\u00bb use_overlay=\u00bboff\u00bb sticky=\u00bboff\u00bb align=\u00bbleft\u00bb always_center_on_mobile=\u00bbon\u00bb border_style=\u00bbsolid\u00bb force_fullwidth=\u00bboff\u00bb show_bottom_space=\u00bbon\u00bb animation_style=\u00bbslide\u00bb animation_duration=\u00bb500ms\u00bb animation_intensity_slide=\u00bb10%\u00bb animation_direction=\u00bbleft\u00bb \/][et_pb_text admin_label=\u00bbTexto video\u00bb _builder_version=\u00bb3.0.65&#8243; background_layout=\u00bblight\u00bb text_orientation=\u00bbleft\u00bb border_style=\u00bbsolid\u00bb]<\/p>\n<p class=\"p1\" style=\"text-align: center;\">En 2017 el <span class=\"s1\"><b>video<\/b><\/span> represent\u00f3 el <span class=\"s1\"><b>60%<\/b><\/span> del tr\u00e1fico total de internet en Espa\u00f1a.<\/p>\n<p>[\/et_pb_text][\/et_pb_column][et_pb_column type=\u00bb1_4&#8243;][et_pb_image admin_label=\u00bbImagen streaming\u00bb _builder_version=\u00bb3.0.65&#8243; src=\u00bbhttps:\/\/wifi-plus.cietecnologias.es\/wp-content\/uploads\/2018\/05\/video.png\u00bb show_in_lightbox=\u00bboff\u00bb url_new_window=\u00bboff\u00bb use_overlay=\u00bboff\u00bb sticky=\u00bboff\u00bb align=\u00bbleft\u00bb always_center_on_mobile=\u00bbon\u00bb border_style=\u00bbsolid\u00bb force_fullwidth=\u00bboff\u00bb show_bottom_space=\u00bbon\u00bb animation_style=\u00bbslide\u00bb animation_duration=\u00bb500ms\u00bb animation_intensity_slide=\u00bb10%\u00bb animation_direction=\u00bbleft\u00bb \/][et_pb_text admin_label=\u00bbTexto stream\u00bb _builder_version=\u00bb3.0.65&#8243; background_layout=\u00bblight\u00bb text_orientation=\u00bbleft\u00bb border_style=\u00bbsolid\u00bb]<\/p>\n<p class=\"p1\" style=\"text-align: center;\">Se espera que este uso <span class=\"s1\"><b>crezca hasta el 80%<\/b><\/span> en los pr\u00f3ximos tres a\u00f1os seg\u00fan los informes que publica la empresa de equipos de redes Cisco.<\/p>\n<p>[\/et_pb_text][\/et_pb_column][et_pb_column type=\u00bb1_4&#8243;][et_pb_image admin_label=\u00bbImagen tablet\u00bb _builder_version=\u00bb3.0.65&#8243; src=\u00bbhttps:\/\/wifi-plus.cietecnologias.es\/wp-content\/uploads\/2018\/05\/tablet.png\u00bb show_in_lightbox=\u00bboff\u00bb url_new_window=\u00bboff\u00bb use_overlay=\u00bboff\u00bb sticky=\u00bboff\u00bb align=\u00bbleft\u00bb always_center_on_mobile=\u00bbon\u00bb border_style=\u00bbsolid\u00bb force_fullwidth=\u00bboff\u00bb show_bottom_space=\u00bbon\u00bb animation_style=\u00bbslide\u00bb animation_duration=\u00bb500ms\u00bb animation_intensity_slide=\u00bb10%\u00bb animation_direction=\u00bbleft\u00bb \/][et_pb_text admin_label=\u00bbTexto tablet\u00bb _builder_version=\u00bb3.0.65&#8243; background_layout=\u00bblight\u00bb text_orientation=\u00bbleft\u00bb border_style=\u00bbsolid\u00bb]<\/p>\n<p class=\"p1\" style=\"text-align: center;\">Las <span class=\"s1\"><b>tablet<\/b><\/span> representaron en 2017 el <span class=\"s1\"><b>50%<\/b><\/span> de los ordenadores vendidos en Espa\u00f1a y el <span class=\"s1\"><b>97%<\/b><\/span> de estas solo ten\u00edan conexi\u00f3n <span class=\"s1\"><b>WiFi<\/b><\/span>,<b> <\/b>seg\u00fan un estudio de la consultora IDG.<\/p>\n<p>[\/et_pb_text][\/et_pb_column][et_pb_column type=\u00bb1_4&#8243;][et_pb_image admin_label=\u00bbImagen icono wifi\u00bb _builder_version=\u00bb3.0.65&#8243; src=\u00bbhttps:\/\/wifi-plus.cietecnologias.es\/wp-content\/uploads\/2018\/05\/wifi.png\u00bb show_in_lightbox=\u00bboff\u00bb url_new_window=\u00bboff\u00bb use_overlay=\u00bboff\u00bb sticky=\u00bboff\u00bb align=\u00bbleft\u00bb always_center_on_mobile=\u00bbon\u00bb border_style=\u00bbsolid\u00bb force_fullwidth=\u00bboff\u00bb show_bottom_space=\u00bbon\u00bb animation_style=\u00bbslide\u00bb animation_duration=\u00bb500ms\u00bb animation_intensity_slide=\u00bb10%\u00bb animation_direction=\u00bbleft\u00bb \/][et_pb_text admin_label=\u00bbTexto icono wifi\u00bb _builder_version=\u00bb3.0.65&#8243; background_layout=\u00bblight\u00bb text_orientation=\u00bbleft\u00bb border_style=\u00bbsolid\u00bb]<\/p>\n<p class=\"p1\" style=\"text-align: center;\">El <span class=\"s1\"><b>97,4%<\/b><\/span> de los clientes de hoteles en Espa\u00f1a citan el <span class=\"s1\"><b>WiFi<\/b><\/span> como una <span class=\"s1\"><b>demanda prioritaria<\/b><\/span> seg\u00fan un estudio del Instituto Tecnol\u00f3gico Hotelero.<\/p>\n<p>[\/et_pb_text][\/et_pb_column][\/et_pb_row][\/et_pb_section][et_pb_section bb_built=\u00bb1&#8243; fullwidth=\u00bbon\u00bb specialty=\u00bboff\u00bb _builder_version=\u00bb3.0.89&#8243; module_id=\u00bbaccess\u00bb][et_pb_fullwidth_header _builder_version=\u00bb3.0.89&#8243; title=\u00bbwifi+ access\u00bb text_orientation=\u00bbleft\u00bb header_fullscreen=\u00bboff\u00bb header_scroll_down=\u00bboff\u00bb image_orientation=\u00bbbottom\u00bb background_layout=\u00bblight\u00bb content_orientation=\u00bbcenter\u00bb custom_button_two=\u00bboff\u00bb button_two_letter_spacing=\u00bb0&#8243; button_two_icon_placement=\u00bbright\u00bb button_two_letter_spacing_hover=\u00bb0&#8243; custom_button_one=\u00bboff\u00bb button_one_letter_spacing=\u00bb0&#8243; button_one_icon_placement=\u00bbright\u00bb button_one_letter_spacing_hover=\u00bb0&#8243; background_overlay_color=\u00bbrgba(255,255,255,0)\u00bb use_background_color_gradient=\u00bbon\u00bb background_color_gradient_start=\u00bb#e02b20&#8243; background_color_gradient_end=\u00bb#09192d\u00bb title_font_color=\u00bb#ffffff\u00bb title_font_size=\u00bb60px\u00bb background_image=\u00bbhttps:\/\/wifi-plus.cietecnologias.es\/wp-content\/uploads\/2018\/05\/ban-access.jpg\u00bb scroll_down_icon_size=\u00bb65px\u00bb background_position=\u00bbtop_center\u00bb title_text_color=\u00bb#ffffff\u00bb \/][\/et_pb_section][et_pb_section bb_built=\u00bb1&#8243; fullwidth=\u00bboff\u00bb specialty=\u00bboff\u00bb][et_pb_row][et_pb_column type=\u00bb1_2&#8243;][et_pb_text admin_label=\u00bbTexto access\u00bb _builder_version=\u00bb3.0.65&#8243; background_layout=\u00bblight\u00bb text_orientation=\u00bbleft\u00bb border_style=\u00bbsolid\u00bb]<\/p>\n<p>Evita el perjuicio que causan los usuarios de alta demanda al resto de tus clientes, proporcionando la experiencia de uso \u00f3ptima que puede ofrecer tu red WiFi.<\/p>\n<p>Estar\u00e1s informado de las anomal\u00edas en el servicio incluso antes de que tus clientes puedan quejarse.<\/p>\n<p>Contar\u00e1s con la tranquilidad de un respaldo t\u00e9cnico constante y un servicio de mantenimi<\/p>\n<p>ento anual.Y adem\u00e1s, estar\u00e1s informado del uso que tus clientes hacen del servicio que les ofreces.<\/p>\n<p>[\/et_pb_text][\/et_pb_column][et_pb_column type=\u00bb1_2&#8243;][et_pb_text _builder_version=\u00bb3.0.89&#8243; background_layout=\u00bblight\u00bb border_style=\u00bbsolid\u00bb text_text_color=\u00bb#0a22aa\u00bb border_style_all=\u00bbsolid\u00bb]<\/p>\n<ol>\n<li style=\"color: #184093;\"><strong>Monitorizaci\u00f3n de la infraestructura wifi<\/strong><\/li>\n<li style=\"color: #184093;\"><strong>Actuaci\u00f3n remota frente a incidencias.<\/strong><\/li>\n<li style=\"color: #184093;\"><strong>Actuaci\u00f3n anual de actualizaci\u00f3n y mantenimiento.<\/strong><\/li>\n<li style=\"color: #184093;\"><strong>Acceso al wifi mediante una web de login personalizada.<\/strong><\/li>\n<li style=\"color: #184093;\"><strong>Uso \u00f3ptimo del caudal de internet por los usuarios<\/strong><\/li>\n<li style=\"color: #184093;\"><strong>Informes trimestrales de uso del wifi.<\/strong><\/li>\n<\/ol>\n<h2 style=\"color: #4cad33;\"><strong><em>59 \u20ac\/mes*<\/em><\/strong><\/h2>\n<p style=\"font-size: 10px; color: #888; line-height: 1;\">Hasta 20 AP. Se aplica un incremento de 20\u20ac\/mes por rangos de 25 AP extra.<\/p>\n<p>[\/et_pb_text][\/et_pb_column][\/et_pb_row][\/et_pb_section][et_pb_section bb_built=\u00bb1&#8243; fullwidth=\u00bbon\u00bb specialty=\u00bboff\u00bb _builder_version=\u00bb3.0.89&#8243; module_id=\u00bbaccess-social\u00bb][et_pb_fullwidth_header admin_label=\u00bbT\u00edtulo de access social\u00bb _builder_version=\u00bb3.0.89&#8243; title=\u00bbwifi+ social\u00bb text_orientation=\u00bbleft\u00bb header_fullscreen=\u00bboff\u00bb header_scroll_down=\u00bboff\u00bb image_orientation=\u00bbbottom\u00bb background_layout=\u00bblight\u00bb content_orientation=\u00bbcenter\u00bb custom_button_two=\u00bboff\u00bb button_two_icon_placement=\u00bbright\u00bb custom_button_one=\u00bboff\u00bb button_one_icon_placement=\u00bbright\u00bb background_overlay_color=\u00bbrgba(255,255,255,0)\u00bb use_background_color_gradient=\u00bbon\u00bb background_color_gradient_start=\u00bb#e02b20&#8243; background_color_gradient_end=\u00bb#09192d\u00bb title_font_color=\u00bb#ffffff\u00bb title_font_size=\u00bb60px\u00bb background_image=\u00bbhttps:\/\/wifi-plus.cietecnologias.es\/wp-content\/uploads\/2018\/05\/ban-social.jpg\u00bb scroll_down_icon_size=\u00bb65px\u00bb background_position=\u00bbtop_center\u00bb title_text_color=\u00bb#ffffff\u00bb \/][\/et_pb_section][et_pb_section bb_built=\u00bb1&#8243; fullwidth=\u00bboff\u00bb specialty=\u00bboff\u00bb][et_pb_row][et_pb_column type=\u00bb1_2&#8243;][et_pb_text admin_label=\u00bbTexto social\u00bb _builder_version=\u00bb3.0.89&#8243; background_layout=\u00bblight\u00bb border_style=\u00bbsolid\u00bb border_style_all=\u00bbsolid\u00bb]<\/p>\n<p>Si quieres conocer la identidad digital de cada uno de tus clientes mientras mejoras tu reputaci\u00f3n online de forma autom\u00e1tica y constante.<\/p>\n<p>Premiar a aquellos que son tus amigos en las redes y ofrecer una excelente imagen de servicio a trav\u00e9s del wifi de tu establecimiento.<\/p>\n<p>[\/et_pb_text][\/et_pb_column][et_pb_column type=\u00bb1_2&#8243;][et_pb_text admin_label=\u00bbTexto access social\u00bb _builder_version=\u00bb3.0.89&#8243; background_layout=\u00bblight\u00bb border_style=\u00bbsolid\u00bb text_text_color=\u00bb#0a22aa\u00bb border_style_all=\u00bbsolid\u00bb]<\/p>\n<p>El servicio <strong>access social<\/strong> incluye el servicio access, m\u00e1s:<\/p>\n<ol>\n<li>Identificaci\u00f3n individualizada de cada cliente (por email o por una red social).<\/li>\n<li>Capacidad de solicitar una acci\u00f3n a cada cliente (un like a nuestra p\u00e1gina de Facebook, completar una encuesta, solicitar una rese\u00f1a en Booking o Tripadvisor, etc).<\/li>\n<li>Posibilidad de premiar la acci\u00f3n social con mejores prestaciones del wifi para ese usuario: m\u00e1s caudal de navegaci\u00f3n, prioridad para ver series y pel\u00edculas online.<\/li>\n<li>Portal de acceso avanzado con personalizaci\u00f3n din\u00e1mica, ayuda integrada para el usuario y la informaci\u00f3n comercial o de utilidad que se le quiera mostrar<\/li>\n<\/ol>\n<h2 style=\"color: #4cad33;\"><strong><em>89 \u20ac\/mes*<\/em><\/strong><\/h2>\n<p style=\"font-size: 10px; color: #888; line-height: 1;\">Hasta 20 AP. Se aplica un incremento de 20\u20ac\/mes por rangos de 25 AP extra.<\/p>\n<p>[\/et_pb_text][\/et_pb_column][\/et_pb_row][\/et_pb_section][et_pb_section bb_built=\u00bb1&#8243; fullwidth=\u00bbon\u00bb specialty=\u00bboff\u00bb _builder_version=\u00bb3.0.89&#8243; module_id=\u00bbaccess-secure\u00bb][et_pb_fullwidth_header admin_label=\u00bbT\u00edtulo de secure\u00bb _builder_version=\u00bb3.0.89&#8243; title=\u00bbwifi+ secure\u00bb text_orientation=\u00bbleft\u00bb header_fullscreen=\u00bboff\u00bb header_scroll_down=\u00bboff\u00bb image_orientation=\u00bbbottom\u00bb background_layout=\u00bblight\u00bb content_orientation=\u00bbcenter\u00bb custom_button_two=\u00bboff\u00bb button_two_icon_placement=\u00bbright\u00bb custom_button_one=\u00bboff\u00bb button_one_icon_placement=\u00bbright\u00bb background_overlay_color=\u00bbrgba(255,255,255,0)\u00bb use_background_color_gradient=\u00bbon\u00bb background_color_gradient_start=\u00bb#e02b20&#8243; background_color_gradient_end=\u00bb#09192d\u00bb title_font_color=\u00bb#ffffff\u00bb title_font_size=\u00bb60px\u00bb background_image=\u00bbhttps:\/\/wifi-plus.cietecnologias.es\/wp-content\/uploads\/2018\/05\/ban-congreso.jpg\u00bb scroll_down_icon_size=\u00bb65px\u00bb background_position=\u00bbtop_center\u00bb title_text_color=\u00bb#ffffff\u00bb \/][\/et_pb_section][et_pb_section bb_built=\u00bb1&#8243; fullwidth=\u00bboff\u00bb specialty=\u00bboff\u00bb][et_pb_row][et_pb_column type=\u00bb1_2&#8243;][et_pb_text admin_label=\u00bbTexto secure\u00bb _builder_version=\u00bb3.0.89&#8243; background_layout=\u00bblight\u00bb border_style=\u00bbsolid\u00bb border_style_all=\u00bbsolid\u00bb]<\/p>\n<div class=\"page\" title=\"Page 5\">\n<div class=\"layoutArea\">\n<div class=\"column\">\n<p>Si te preocupa la seguridad de los usuarios de tu WiFi y evitar el uso con ictivo o incluso delictivo que desde tu establecimiento se pueda hacer de internet, WiFi-Plus Secure es el complemento necesario para tu WiFi-Plus Access.<\/p>\n<p>Podra\u0301s velar por que tu WiFi lo disfruten tus clientes evitando que otros se conecten. Podra\u0301s establecer limitaciones al uso de internet. Y adema\u0301s, estara\u0301s perio\u0301dicamente informado de los peligros que has evitado y constantemente al di\u0301a frente nuevas amenazas.<\/p>\n<\/div>\n<\/div>\n<\/div>\n<p>[\/et_pb_text][\/et_pb_column][et_pb_column type=\u00bb1_2&#8243;][et_pb_text admin_label=\u00bbTexto access secure\u00bb _builder_version=\u00bb3.0.89&#8243; background_layout=\u00bblight\u00bb border_style=\u00bbsolid\u00bb text_text_color=\u00bb#0a22aa\u00bb border_style_all=\u00bbsolid\u00bb]<\/p>\n<p>El servicio <strong>access secure<\/strong> incluye el servicio access, ma\u0301s:<\/p>\n<ol>\n<li>Seguridad frente a ataques y software malicioso.<\/li>\n<li>Control de pa\u0301ginas y bloqueo de categori\u0301as de navegacio\u0301n.<\/li>\n<li>Delimitacio\u0301n de zonas de login y zonas de navegacio\u0301n.<\/li>\n<li>Actuacio\u0301n remota de correccio\u0301n de vulnerabilidades y puesta al di\u0301a de la plataforma.<\/li>\n<li>Informes de seguridad.<\/li>\n<\/ol>\n<h2 style=\"color: #4cad33;\"><strong><em>109 \u20ac\/mes*<\/em><\/strong><\/h2>\n<p style=\"font-size: 10px; color: #888; line-height: 1;\">Hasta 20 AP. Se aplica un incremento de 20\u20ac\/mes por rangos de 25 AP extra.<\/p>\n<p>[\/et_pb_text][\/et_pb_column][\/et_pb_row][\/et_pb_section][et_pb_section bb_built=\u00bb1&#8243; fullwidth=\u00bbon\u00bb specialty=\u00bboff\u00bb _builder_version=\u00bb3.0.89&#8243; module_id=\u00bbsecure-social\u00bb][et_pb_fullwidth_header admin_label=\u00bbT\u00edtulo de secure&amp;social\u00bb _builder_version=\u00bb3.0.89&#8243; title=\u00bbwifi+ access secure &amp; social\u00bb text_orientation=\u00bbleft\u00bb header_fullscreen=\u00bboff\u00bb header_scroll_down=\u00bboff\u00bb image_orientation=\u00bbbottom\u00bb background_layout=\u00bblight\u00bb content_orientation=\u00bbcenter\u00bb custom_button_two=\u00bboff\u00bb button_two_icon_placement=\u00bbright\u00bb custom_button_one=\u00bboff\u00bb button_one_icon_placement=\u00bbright\u00bb background_overlay_color=\u00bbrgba(255,255,255,0)\u00bb use_background_color_gradient=\u00bbon\u00bb background_color_gradient_start=\u00bb#e02b20&#8243; background_color_gradient_end=\u00bb#09192d\u00bb title_font_color=\u00bb#ffffff\u00bb title_font_size=\u00bb60px\u00bb background_image=\u00bbhttps:\/\/wifi-plus.cietecnologias.es\/wp-content\/uploads\/2018\/05\/ban-llave.jpg\u00bb scroll_down_icon_size=\u00bb65px\u00bb background_position=\u00bbtop_center\u00bb title_text_color=\u00bb#ffffff\u00bb \/][\/et_pb_section][et_pb_section bb_built=\u00bb1&#8243; fullwidth=\u00bboff\u00bb specialty=\u00bboff\u00bb _builder_version=\u00bb3.0.89&#8243; module_id=\u00bbcontacto\u00bb][et_pb_row][et_pb_column type=\u00bb1_2&#8243;][et_pb_text admin_label=\u00bbTexto secure&amp;social\u00bb _builder_version=\u00bb3.0.89&#8243; background_layout=\u00bblight\u00bb border_style=\u00bbsolid\u00bb border_style_all=\u00bbsolid\u00bb]<\/p>\n<div class=\"page\" title=\"Page 5\">\n<div class=\"layoutArea\">\n<div class=\"column\">\n<div class=\"page\" title=\"Page 6\">\n<div class=\"layoutArea\">\n<div class=\"column\">\n<p>Si valoras todas las facetas del servicio, la optimizacio\u0301n y mantenimiento de tu red que proporciona wi + access, la tranquilidad y control del servicio secure y el valor extra de mejorar tu reputacio\u0301n online de forma sencilla podra\u0301s optar por tenerlo todo en un solo servicio.<\/p>\n<\/div>\n<\/div>\n<\/div>\n<\/div>\n<\/div>\n<\/div>\n<p>[\/et_pb_text][\/et_pb_column][et_pb_column type=\u00bb1_2&#8243;][et_pb_text admin_label=\u00bbTexto access secure\u00bb _builder_version=\u00bb3.0.89&#8243; background_layout=\u00bblight\u00bb border_style=\u00bbsolid\u00bb text_text_color=\u00bb#0a22aa\u00bb border_style_all=\u00bbsolid\u00bb]<\/p>\n<div class=\"page\" title=\"Page 6\">\n<div class=\"layoutArea\">\n<div class=\"column\">\n<p>El servicio <strong>access secure &amp; social<\/strong> incluye:<\/p>\n<ol>\n<li><strong>Wifi + access<\/strong><\/li>\n<li><strong>Wifi + social<\/strong><\/li>\n<li><strong>Wifi + secure<\/strong><\/li>\n<\/ol>\n<h2 style=\"color: #4cad33;\"><strong><em>129 \u20ac\/mes*<\/em><\/strong><\/h2>\n<p style=\"font-size: 10px; color: #888; line-height: 1;\">Hasta 20 AP. Se aplica un incremento de 20\u20ac\/mes por rangos de 25 AP extra.<\/p>\n<\/div>\n<\/div>\n<\/div>\n<p>[\/et_pb_text][\/et_pb_column][\/et_pb_row][\/et_pb_section]<\/p>\n","protected":false},"excerpt":{"rendered":"<p><div class=\"et_pb_row et_pb_row_0 et_pb_row_empty\">\n\t\t\t\t\n\t\t\t\t\n\t\t\t\t\n\t\t\t\t\n\t\t\t\t\n\t\t\t<\/div> En 2017 el video represent\u00f3 el 60% del tr\u00e1fico total de internet en Espa\u00f1a. Se espera que este uso crezca hasta el 80% en los pr\u00f3ximos tres a\u00f1os seg\u00fan los informes que publica la empresa de equipos de redes Cisco. Las tablet representaron en 2017 el 50% de los ordenadores vendidos en Espa\u00f1a y [&hellip;]<\/p>\n","protected":false},"author":1,"featured_media":0,"parent":0,"menu_order":0,"comment_status":"closed","ping_status":"closed","template":"","meta":{"_et_pb_use_builder":"on","_et_pb_old_content":"","_et_gb_content_width":"","footnotes":""},"class_list":["post-38","page","type-page","status-publish","hentry"],"_links":{"self":[{"href":"https:\/\/wifi-plus.cietecnologias.es\/index.php\/wp-json\/wp\/v2\/pages\/38","targetHints":{"allow":["GET"]}}],"collection":[{"href":"https:\/\/wifi-plus.cietecnologias.es\/index.php\/wp-json\/wp\/v2\/pages"}],"about":[{"href":"https:\/\/wifi-plus.cietecnologias.es\/index.php\/wp-json\/wp\/v2\/types\/page"}],"author":[{"embeddable":true,"href":"https:\/\/wifi-plus.cietecnologias.es\/index.php\/wp-json\/wp\/v2\/users\/1"}],"replies":[{"embeddable":true,"href":"https:\/\/wifi-plus.cietecnologias.es\/index.php\/wp-json\/wp\/v2\/comments?post=38"}],"version-history":[{"count":31,"href":"https:\/\/wifi-plus.cietecnologias.es\/index.php\/wp-json\/wp\/v2\/pages\/38\/revisions"}],"predecessor-version":[{"id":139,"href":"https:\/\/wifi-plus.cietecnologias.es\/index.php\/wp-json\/wp\/v2\/pages\/38\/revisions\/139"}],"wp:attachment":[{"href":"https:\/\/wifi-plus.cietecnologias.es\/index.php\/wp-json\/wp\/v2\/media?parent=38"}],"curies":[{"name":"wp","href":"https:\/\/api.w.org\/{rel}","templated":true}]}}